{"id":18,"date":"2022-05-29T09:45:37","date_gmt":"2022-05-29T09:45:37","guid":{"rendered":"https:\/\/mzmtrans.sk\/?page_id=18"},"modified":"2022-05-29T12:19:29","modified_gmt":"2022-05-29T12:19:29","slug":"professional-delivery","status":"publish","type":"page","link":"https:\/\/mzmtrans.sk\/?page_id=18","title":{"rendered":"Profesion\u00e1lne doru\u010denie"},"content":{"rendered":"<p>Pri realiz\u00e1cii na\u0161ich prepr\u00e1v sa spoliehame na pokro\u010dil\u00e9 technol\u00f3gie.<\/p>\n<p><a href=\"#\">\u010c\u00edta\u0165 viac<\/a><\/p>\n","protected":false},"excerpt":{"rendered":"<p>Pri realiz\u00e1cii na\u0161ich prepr\u00e1v sa spoliehame na pokro\u010dil\u00e9 technol\u00f3gie. \u010c\u00edta\u0165 viac<\/p>\n","protected":false},"author":1,"featured_media":10,"parent":0,"menu_order":0,"comment_status":"closed","ping_status":"closed","template":"","meta":{"footnotes":""},"class_list":["post-18","page","type-page","status-publish","has-post-thumbnail","hentry"],"_links":{"self":[{"href":"https:\/\/mzmtrans.sk\/index.php?rest_route=\/wp\/v2\/pages\/18","targetHints":{"allow":["GET"]}}],"collection":[{"href":"https:\/\/mzmtrans.sk\/index.php?rest_route=\/wp\/v2\/pages"}],"about":[{"href":"https:\/\/mzmtrans.sk\/index.php?rest_route=\/wp\/v2\/types\/page"}],"author":[{"embeddable":true,"href":"https:\/\/mzmtrans.sk\/index.php?rest_route=\/wp\/v2\/users\/1"}],"replies":[{"embeddable":true,"href":"https:\/\/mzmtrans.sk\/index.php?rest_route=%2Fwp%2Fv2%2Fcomments&post=18"}],"version-history":[{"count":4,"href":"https:\/\/mzmtrans.sk\/index.php?rest_route=\/wp\/v2\/pages\/18\/revisions"}],"predecessor-version":[{"id":68,"href":"https:\/\/mzmtrans.sk\/index.php?rest_route=\/wp\/v2\/pages\/18\/revisions\/68"}],"wp:featuredmedia":[{"embeddable":true,"href":"https:\/\/mzmtrans.sk\/index.php?rest_route=\/wp\/v2\/media\/10"}],"wp:attachment":[{"href":"https:\/\/mzmtrans.sk\/index.php?rest_route=%2Fwp%2Fv2%2Fmedia&parent=18"}],"curies":[{"name":"wp","href":"https:\/\/api.w.org\/{rel}","templated":true}]}}